{"id":4044,"date":"2023-08-29T08:59:51","date_gmt":"2023-08-29T06:59:51","guid":{"rendered":"https:\/\/medransports.ch\/?page_id=4044"},"modified":"2024-04-11T12:01:33","modified_gmt":"2024-04-11T10:01:33","slug":"rental","status":"publish","type":"page","link":"https:\/\/medransports.ch\/en\/rental\/","title":{"rendered":"Rental"},"content":{"rendered":"<p>[vc_row full_height=&#8221;yes&#8221; equal_height=&#8221;yes&#8221;][vc_column width=&#8221;1\/3&#8243;][vc_empty_space height=&#8221;50px&#8221;]<div class=\"konte-empty-space \" style=\"height: 32px\"><\/div>[vc_column_text]<\/p>\n<h3>Location de v\u00e9lo<\/h3>\n<p>L\u2019\u00e9t\u00e9, nous offrons \u00e0 nos visiteurs la possibilit\u00e9 de louer tout type de v\u00e9lo : VTT \u00e9lectriques, VTT enduro et cross-country ainsi que des v\u00e9los de route. Nous mettons \u00e9galement \u00e0 disposition des casques et des protections.[\/vc_column_text]<a href=\"#contact\" title=\"Vente\" class=\"konte-button button-normal text-default align-inline large   button square\">Nous trouver<\/a>[vc_empty_space][\/vc_column][vc_column width=&#8221;2\/3&#8243;][vc_empty_space height=&#8221;80px&#8221;][vc_single_image image=&#8221;4061&#8243; img_size=&#8221;5000&#215;1000&#8243; alignment=&#8221;center&#8221;][vc_separator][vc_row_inner][vc_column_inner width=&#8221;1\/2&#8243;]<div class=\"konte-icon-box icon-type-external box-align-left   \">\n\t\t\t\t<div class=\"konte-icon-box__icon\"><\/div>\n\t\t\t\t<h4 class=\"konte-icon-box__title\" >VTT \u00e9lectrique<\/h4>\n\t\t\t\t<div class=\"konte-icon-box__content\"><p>Specialized &#8211; Levo Comp Alloy<\/p>\n<p><a href=\"https:\/\/medransports.ch\/wp-content\/uploads\/2023\/08\/Levo-comp-alloy-Image-300x169.webp\"><img loading=\"lazy\" decoding=\"async\" class=\"alignnone size-medium wp-image-3981\" src=\"https:\/\/medransports.ch\/wp-content\/uploads\/2023\/08\/Levo-comp-alloy-Image-300x169.webp\" alt=\"\" width=\"300\" height=\"169\" srcset=\"https:\/\/medransports.ch\/wp-content\/uploads\/2023\/08\/Levo-comp-alloy-Image-300x169.webp 300w, https:\/\/medransports.ch\/wp-content\/uploads\/2023\/08\/Levo-comp-alloy-Image-1024x576.webp 1024w, https:\/\/medransports.ch\/wp-content\/uploads\/2023\/08\/Levo-comp-alloy-Image-768x432.webp 768w, https:\/\/medransports.ch\/wp-content\/uploads\/2023\/08\/Levo-comp-alloy-Image-1536x864.webp 1536w, https:\/\/medransports.ch\/wp-content\/uploads\/2023\/08\/Levo-comp-alloy-Image-2048x1152.webp 2048w, https:\/\/medransports.ch\/wp-content\/uploads\/2023\/08\/Levo-comp-alloy-Image-750x420.webp 750w, https:\/\/medransports.ch\/wp-content\/uploads\/2023\/08\/Levo-comp-alloy-Image-840x472.webp 840w\" sizes=\"auto, (max-width: 300px) 100vw, 300px\" \/><\/a><\/p>\n<\/div>\n\t\t\t<\/div>[vc_empty_space height=&#8221;75px&#8221;][\/vc_column_inner][vc_column_inner width=&#8221;1\/2&#8243;]<div class=\"konte-icon-box icon-type-external box-align-left   \">\n\t\t\t\t<div class=\"konte-icon-box__icon\"><\/div>\n\t\t\t\t<h4 class=\"konte-icon-box__title\" >VTT Cross-Country<\/h4>\n\t\t\t\t<div class=\"konte-icon-box__content\"><p style=\"text-align: left;\">Specialized &#8211; Stumpjumper Evo Comp<\/p>\n<p><a href=\"https:\/\/medransports.ch\/wp-content\/uploads\/2023\/08\/Stumpjumper-Evo-comp-image-300x169.webp\"><img loading=\"lazy\" decoding=\"async\" class=\"alignnone size-medium wp-image-3994\" src=\"https:\/\/medransports.ch\/wp-content\/uploads\/2023\/08\/Stumpjumper-Evo-comp-image-300x169.webp\" alt=\"\" width=\"300\" height=\"169\" srcset=\"https:\/\/medransports.ch\/wp-content\/uploads\/2023\/08\/Stumpjumper-Evo-comp-image-300x169.webp 300w, https:\/\/medransports.ch\/wp-content\/uploads\/2023\/08\/Stumpjumper-Evo-comp-image-1024x576.webp 1024w, https:\/\/medransports.ch\/wp-content\/uploads\/2023\/08\/Stumpjumper-Evo-comp-image-768x432.webp 768w, https:\/\/medransports.ch\/wp-content\/uploads\/2023\/08\/Stumpjumper-Evo-comp-image-1536x864.webp 1536w, https:\/\/medransports.ch\/wp-content\/uploads\/2023\/08\/Stumpjumper-Evo-comp-image-2048x1152.webp 2048w, https:\/\/medransports.ch\/wp-content\/uploads\/2023\/08\/Stumpjumper-Evo-comp-image-750x420.webp 750w, https:\/\/medransports.ch\/wp-content\/uploads\/2023\/08\/Stumpjumper-Evo-comp-image-840x472.webp 840w\" sizes=\"auto, (max-width: 300px) 100vw, 300px\" \/><\/a><\/p>\n<\/div>\n\t\t\t<\/div>[vc_empty_space height=&#8221;75px&#8221;][\/vc_column_inner][\/vc_row_inner][vc_row_inner][vc_column_inner width=&#8221;1\/2&#8243;]<div class=\"konte-icon-box icon-type-external box-align-left   \">\n\t\t\t\t<div class=\"konte-icon-box__icon\"><\/div>\n\t\t\t\t<h4 class=\"konte-icon-box__title\" >VTT Enduro<\/h4>\n\t\t\t\t<div class=\"konte-icon-box__content\"><p>Specialized &#8211; Status<\/p>\n<p><a href=\"https:\/\/medransports.ch\/wp-content\/uploads\/2023\/08\/Status-Image-300x169.webp\"><img loading=\"lazy\" decoding=\"async\" class=\"alignnone size-medium wp-image-3996\" src=\"https:\/\/medransports.ch\/wp-content\/uploads\/2023\/08\/Status-Image-300x169.webp\" alt=\"\" width=\"300\" height=\"169\" srcset=\"https:\/\/medransports.ch\/wp-content\/uploads\/2023\/08\/Status-Image-300x169.webp 300w, https:\/\/medransports.ch\/wp-content\/uploads\/2023\/08\/Status-Image-1024x576.webp 1024w, https:\/\/medransports.ch\/wp-content\/uploads\/2023\/08\/Status-Image-768x432.webp 768w, https:\/\/medransports.ch\/wp-content\/uploads\/2023\/08\/Status-Image-1536x864.webp 1536w, https:\/\/medransports.ch\/wp-content\/uploads\/2023\/08\/Status-Image-2048x1152.webp 2048w, https:\/\/medransports.ch\/wp-content\/uploads\/2023\/08\/Status-Image-750x420.webp 750w, https:\/\/medransports.ch\/wp-content\/uploads\/2023\/08\/Status-Image-840x472.webp 840w\" sizes=\"auto, (max-width: 300px) 100vw, 300px\" \/><\/a><\/p>\n<\/div>\n\t\t\t<\/div>[vc_empty_space height=&#8221;75px&#8221;]<div class=\"konte-icon-box icon-type-external box-align-left   \">\n\t\t\t\t<div class=\"konte-icon-box__icon\"><\/div>\n\t\t\t\t<h4 class=\"konte-icon-box__title\" >Remorque Enfant<\/h4>\n\t\t\t\t<div class=\"konte-icon-box__content\"><p>Thule<\/p>\n<p><a href=\"https:\/\/medransports.ch\/wp-content\/uploads\/2023\/08\/Remorque-300x300.webp\"><img loading=\"lazy\" decoding=\"async\" class=\"alignnone size-medium wp-image-4032\" src=\"https:\/\/medransports.ch\/wp-content\/uploads\/2023\/08\/Remorque-300x300.webp\" alt=\"\" width=\"300\" height=\"300\" srcset=\"https:\/\/medransports.ch\/wp-content\/uploads\/2023\/08\/Remorque-300x300.webp 300w, https:\/\/medransports.ch\/wp-content\/uploads\/2023\/08\/Remorque-1024x1024.webp 1024w, https:\/\/medransports.ch\/wp-content\/uploads\/2023\/08\/Remorque-150x150.webp 150w, https:\/\/medransports.ch\/wp-content\/uploads\/2023\/08\/Remorque-768x768.webp 768w, https:\/\/medransports.ch\/wp-content\/uploads\/2023\/08\/Remorque-840x840.webp 840w, https:\/\/medransports.ch\/wp-content\/uploads\/2023\/08\/Remorque.webp 1200w\" sizes=\"auto, (max-width: 300px) 100vw, 300px\" \/><\/a><\/p>\n<\/div>\n\t\t\t<\/div>[\/vc_column_inner][vc_column_inner width=&#8221;1\/2&#8243;]<div class=\"konte-icon-box icon-type-external box-align-left   \">\n\t\t\t\t<div class=\"konte-icon-box__icon\"><\/div>\n\t\t\t\t<h4 class=\"konte-icon-box__title\" >V\u00e9lo de route<\/h4>\n\t\t\t\t<div class=\"konte-icon-box__content\"><p>Specialized &#8211; Roubaix<\/p>\n<p><a href=\"https:\/\/medransports.ch\/wp-content\/uploads\/2023\/08\/Roubaix-Image-300x169.webp\"><img loading=\"lazy\" decoding=\"async\" class=\"alignnone size-medium wp-image-3998\" src=\"https:\/\/medransports.ch\/wp-content\/uploads\/2023\/08\/Roubaix-Image-300x169.webp\" alt=\"\" width=\"300\" height=\"169\" srcset=\"https:\/\/medransports.ch\/wp-content\/uploads\/2023\/08\/Roubaix-Image-300x169.webp 300w, https:\/\/medransports.ch\/wp-content\/uploads\/2023\/08\/Roubaix-Image-1024x576.webp 1024w, https:\/\/medransports.ch\/wp-content\/uploads\/2023\/08\/Roubaix-Image-768x432.webp 768w, https:\/\/medransports.ch\/wp-content\/uploads\/2023\/08\/Roubaix-Image-1536x864.webp 1536w, https:\/\/medransports.ch\/wp-content\/uploads\/2023\/08\/Roubaix-Image-2048x1152.webp 2048w, https:\/\/medransports.ch\/wp-content\/uploads\/2023\/08\/Roubaix-Image-750x420.webp 750w, https:\/\/medransports.ch\/wp-content\/uploads\/2023\/08\/Roubaix-Image-840x472.webp 840w\" sizes=\"auto, (max-width: 300px) 100vw, 300px\" \/><\/a><\/p>\n<\/div>\n\t\t\t<\/div>[vc_empty_space height=&#8221;75px&#8221;]<div class=\"konte-icon-box icon-type-external box-align-left   \">\n\t\t\t\t<div class=\"konte-icon-box__icon\"><\/div>\n\t\t\t\t<h4 class=\"konte-icon-box__title\" >V\u00e9lo enfant<\/h4>\n\t\t\t\t<div class=\"konte-icon-box__content\"><p>Specialized &#8211; Riprock<\/p>\n<p><a href=\"https:\/\/medransports.ch\/wp-content\/uploads\/2023\/08\/riprock-image-300x169.webp\"><img loading=\"lazy\" decoding=\"async\" class=\"alignnone size-medium wp-image-4035\" src=\"https:\/\/medransports.ch\/wp-content\/uploads\/2023\/08\/riprock-image-300x169.webp\" alt=\"\" width=\"300\" height=\"169\" srcset=\"https:\/\/medransports.ch\/wp-content\/uploads\/2023\/08\/riprock-image-300x169.webp 300w, https:\/\/medransports.ch\/wp-content\/uploads\/2023\/08\/riprock-image-1024x576.webp 1024w, https:\/\/medransports.ch\/wp-content\/uploads\/2023\/08\/riprock-image-768x432.webp 768w, https:\/\/medransports.ch\/wp-content\/uploads\/2023\/08\/riprock-image-1536x864.webp 1536w, https:\/\/medransports.ch\/wp-content\/uploads\/2023\/08\/riprock-image-2048x1152.webp 2048w, https:\/\/medransports.ch\/wp-content\/uploads\/2023\/08\/riprock-image-750x420.webp 750w, https:\/\/medransports.ch\/wp-content\/uploads\/2023\/08\/riprock-image-840x472.webp 840w\" sizes=\"auto, (max-width: 300px) 100vw, 300px\" \/><\/a><\/p>\n<\/div>\n\t\t\t<\/div>[\/vc_column_inner][\/vc_row_inner][vc_row_inner][vc_column_inner][vc_separator]<a href=\"https:\/\/medransports.ch\/wp-content\/uploads\/2023\/07\/Tarifs-location-2023-velo-prot.-1.pdf\" title=\"Tarifs\" target=\"_blank\" class=\"konte-button button-normal text-light align-inline large   button square\">Tarifs de location<\/a><a href=\"#contact\" title=\"Vente\" class=\"konte-button button-normal text-default align-inline large   button square\">R\u00e9servation <\/a>[\/vc_column_inner][\/vc_row_inner][\/vc_column][\/vc_row][vc_row full_width=&#8221;stretch_row&#8221; full_height=&#8221;yes&#8221; content_placement=&#8221;top&#8221; css_animation=&#8221;fadeInUp&#8221; css=&#8221;.vc_custom_1618576615741{margin-top: 50px !important;background-color: #e3e7e8 !important;}&#8221; el_id=&#8221;ski&#8221;][vc_column width=&#8221;2\/6&#8243;]<div class=\"konte-empty-space  hidden-lg\" aria-hidden=\"true\"><div class=\"konte-empty-space__xs visible-xs\" style=\"height:50px\"><\/div><div class=\"konte-empty-space__sm visible-sm\" style=\"height:\"><\/div><div class=\"konte-empty-space__md visible-md\" style=\"height:80px\"><\/div><div class=\"konte-empty-space__lg visible-lg\" style=\"height:\"><\/div><\/div>[vc_column_text]<\/p>\n<h3>Ski equipment rental<\/h3>\n<p>In winter, we offer our customers the rental of ski, hiking and snowboarding equipment.<br \/>\n[\/vc_column_text][vc_row_inner][vc_column_inner offset=&#8221;vc_hidden-xs&#8221;][\/vc_column_inner][\/vc_row_inner][vc_row_inner css=&#8221;.vc_custom_1617812211021{padding-bottom: 30px !important;}&#8221;][vc_column_inner]<a href=\"#contact\" title=\"Vente\" class=\"konte-button button-normal text-default align-inline large   button square\">Nous trouver<\/a>[vc_empty_space]<a href=\"https:\/\/medransports.ch\/wp-content\/uploads\/2023\/10\/Liste-de-Prix-Hiver-23-2024.pdf\" title=\"Tarifs 2023-2024\" target=\"_blank\" class=\"konte-button button-normal text-light align-inline large   button square\">Tarifs 2023-2024<\/a>[vc_icon type=&#8221;entypo&#8221; icon_entypo=&#8221;entypo-icon entypo-icon-down-open-big&#8221; color=&#8221;black&#8221; size=&#8221;lg&#8221; css_animation=&#8221;none&#8221; link=&#8221;url:%23contact|&#8221;][\/vc_column_inner][\/vc_row_inner][\/vc_column][vc_column width=&#8221;1\/6&#8243;][\/vc_column][vc_column width=&#8221;3\/6&#8243;][vc_single_image image=&#8221;2014&#8243; img_size=&#8221;7000&#215;5000&#8243; alignment=&#8221;right&#8221; css=&#8221;.vc_custom_1618577085703{margin-right: -100px !important;}&#8221;][\/vc_column][\/vc_row][vc_row full_width=&#8221;stretch_row&#8221; full_height=&#8221;yes&#8221; css_animation=&#8221;none&#8221; css=&#8221;.vc_custom_1618576625050{padding-top: 25px !important;padding-bottom: 25px !important;}&#8221; el_id=&#8221;contact&#8221;][vc_column width=&#8221;2\/6&#8243; css=&#8221;.vc_custom_1617810977853{padding-bottom: 50px !important;}&#8221;][vc_column_text]\n<\/p>\n<h3><a href=\"https:\/\/medransports.ch\/wp-content\/uploads\/2021\/03\/logomedran-couleurbis-300x182.png\"><img loading=\"lazy\" decoding=\"async\" class=\"alignnone size-medium wp-image-1477\" src=\"https:\/\/medransports.ch\/wp-content\/uploads\/2021\/03\/logomedran-couleurbis-300x182.png\" alt=\"\" width=\"300\" height=\"182\" srcset=\"https:\/\/medransports.ch\/wp-content\/uploads\/2021\/03\/logomedran-couleurbis-300x182.png 300w, https:\/\/medransports.ch\/wp-content\/uploads\/2021\/03\/logomedran-couleurbis-1024x623.png 1024w, https:\/\/medransports.ch\/wp-content\/uploads\/2021\/03\/logomedran-couleurbis-768x467.png 768w, https:\/\/medransports.ch\/wp-content\/uploads\/2021\/03\/logomedran-couleurbis-1536x934.png 1536w, https:\/\/medransports.ch\/wp-content\/uploads\/2021\/03\/logomedran-couleurbis-2048x1245.png 2048w, https:\/\/medransports.ch\/wp-content\/uploads\/2021\/03\/logomedran-couleurbis-840x511.png 840w\" sizes=\"auto, (max-width: 300px) 100vw, 300px\" \/><\/a><\/h3>\n<h3>M\u00e9dran Sports<\/h3>\n<p><a href=\"tel:0041277716048\">0041 27 771 60 48<\/a><\/p>\n<p><a href=\"mailto:info@medransports.ch\">info@medransports.ch<\/a><\/p>\n<p><a href=\"https:\/\/www.google.ch\/maps\/place\/Route+de+Verbier+Station+59,+1936+Verbier\/@46.0960704,7.2258801,17.47z\/data=!4m5!3m4!1s0x478ecfcb36ec46d3:0x6850263530928ad7!8m2!3d46.096209!4d7.2266429\">Route de Verbier-Station 59 1936 Verbier<\/a>[\/vc_column_text][vc_row_inner][vc_column_inner offset=&#8221;vc_hidden-xs&#8221;][vc_icon type=&#8221;entypo&#8221; icon_entypo=&#8221;entypo-icon entypo-icon-up-open-big&#8221; color=&#8221;black&#8221; size=&#8221;lg&#8221; css_animation=&#8221;none&#8221; link=&#8221;url:%23topbar|&#8221;][\/vc_column_inner][\/vc_row_inner][\/vc_column][vc_column width=&#8221;1\/6&#8243;][\/vc_column][vc_column width=&#8221;3\/6&#8243;][vc_single_image image=&#8221;1960&#8243; img_size=&#8221;7000&#215;5000&#8243; alignment=&#8221;right&#8221; css=&#8221;.vc_custom_1617822887574{margin-right: -100px !important;}&#8221;]<a href=\"https:\/\/www.google.ch\/maps\/place\/Route+de+Verbier+Station+59,+1936+Verbier\/@46.0960704,7.2258801,17.47z\/data=!4m5!3m4!1s0x478ecfcb36ec46d3:0x6850263530928ad7!8m2!3d46.096209!4d7.2266429\" title=\"Boutique\" class=\"konte-button button-underline text-default align-inline large   underline-small underline-left\">Ouvrir dans Google Map<\/a>[\/vc_column][\/vc_row]<\/p>\n","protected":false},"excerpt":{"rendered":"<p>[vc_row full_height=&#8221;yes&#8221; equal_height=&#8221;yes&#8221;][vc_column width=&#8221;1\/3&#8243;][vc_empty_space height=&#8221;50px&#8221;][vc_column_text] Location de v\u00e9lo L\u2019\u00e9t\u00e9, nous offrons \u00e0 nos visiteurs la possibilit\u00e9 de louer tout type de v\u00e9lo : VTT \u00e9lectriques, VTT enduro et cross-country ainsi&hellip;<\/p>\n","protected":false},"author":1,"featured_media":0,"parent":0,"menu_order":0,"comment_status":"closed","ping_status":"closed","template":"","meta":{"footnotes":""},"class_list":["post-4044","page","type-page","status-publish","hentry"],"yoast_head":"<!-- This site is optimized with the Yoast SEO plugin v22.4 - https:\/\/yoast.com\/wordpress\/plugins\/seo\/ -->\n<title>Rental - M\u00e9dran Sports SA<\/title>\n<meta name=\"robots\" content=\"index, follow, max-snippet:-1, max-image-preview:large, max-video-preview:-1\" \/>\n<link rel=\"canonical\" href=\"https:\/\/medransports.ch\/en\/rental\/\" \/>\n<meta property=\"og:locale\" content=\"en_US\" \/>\n<meta property=\"og:type\" content=\"article\" \/>\n<meta property=\"og:title\" content=\"Rental - M\u00e9dran Sports SA\" \/>\n<meta property=\"og:description\" content=\"[vc_row full_height=&#8221;yes&#8221; equal_height=&#8221;yes&#8221;][vc_column width=&#8221;1\/3&#8243;][vc_empty_space height=&#8221;50px&#8221;][vc_column_text] Location de v\u00e9lo L\u2019\u00e9t\u00e9, nous offrons \u00e0 nos visiteurs la possibilit\u00e9 de louer tout type de v\u00e9lo : VTT \u00e9lectriques, VTT enduro et cross-country ainsi&hellip;\" \/>\n<meta property=\"og:url\" content=\"https:\/\/medransports.ch\/en\/rental\/\" \/>\n<meta property=\"og:site_name\" content=\"M\u00e9dran Sports SA\" \/>\n<meta property=\"article:publisher\" content=\"https:\/\/fr-fr.facebook.com\/M%c3%a9dran-Sports-160623094034882\/\" \/>\n<meta property=\"article:modified_time\" content=\"2024-04-11T10:01:33+00:00\" \/>\n<meta property=\"og:image\" content=\"https:\/\/medransports.ch\/wp-content\/uploads\/2023\/08\/Levo-comp-alloy-Image-300x169.webp\" \/>\n<meta name=\"twitter:card\" content=\"summary_large_image\" \/>\n<meta name=\"twitter:label1\" content=\"Est. reading time\" \/>\n\t<meta name=\"twitter:data1\" content=\"3 minutes\" \/>\n<script type=\"application\/ld+json\" class=\"yoast-schema-graph\">{\"@context\":\"https:\/\/schema.org\",\"@graph\":[{\"@type\":\"WebPage\",\"@id\":\"https:\/\/medransports.ch\/en\/rental\/\",\"url\":\"https:\/\/medransports.ch\/en\/rental\/\",\"name\":\"Rental - M\u00e9dran Sports SA\",\"isPartOf\":{\"@id\":\"https:\/\/medransports.ch\/#website\"},\"primaryImageOfPage\":{\"@id\":\"https:\/\/medransports.ch\/en\/rental\/#primaryimage\"},\"image\":{\"@id\":\"https:\/\/medransports.ch\/en\/rental\/#primaryimage\"},\"thumbnailUrl\":\"https:\/\/medransports.ch\/wp-content\/uploads\/2023\/08\/Levo-comp-alloy-Image-300x169.webp\",\"datePublished\":\"2023-08-29T06:59:51+00:00\",\"dateModified\":\"2024-04-11T10:01:33+00:00\",\"breadcrumb\":{\"@id\":\"https:\/\/medransports.ch\/en\/rental\/#breadcrumb\"},\"inLanguage\":\"en-US\",\"potentialAction\":[{\"@type\":\"ReadAction\",\"target\":[\"https:\/\/medransports.ch\/en\/rental\/\"]}]},{\"@type\":\"ImageObject\",\"inLanguage\":\"en-US\",\"@id\":\"https:\/\/medransports.ch\/en\/rental\/#primaryimage\",\"url\":\"https:\/\/medransports.ch\/wp-content\/uploads\/2023\/08\/Levo-comp-alloy-Image-300x169.webp\",\"contentUrl\":\"https:\/\/medransports.ch\/wp-content\/uploads\/2023\/08\/Levo-comp-alloy-Image-300x169.webp\"},{\"@type\":\"BreadcrumbList\",\"@id\":\"https:\/\/medransports.ch\/en\/rental\/#breadcrumb\",\"itemListElement\":[{\"@type\":\"ListItem\",\"position\":1,\"name\":\"Accueil\",\"item\":\"https:\/\/medransports.ch\/en\/\"},{\"@type\":\"ListItem\",\"position\":2,\"name\":\"Rental\"}]},{\"@type\":\"WebSite\",\"@id\":\"https:\/\/medransports.ch\/#website\",\"url\":\"https:\/\/medransports.ch\/\",\"name\":\"M\u00e9dran Sports SA\",\"description\":\"Boutique en ligne\",\"publisher\":{\"@id\":\"https:\/\/medransports.ch\/#organization\"},\"potentialAction\":[{\"@type\":\"SearchAction\",\"target\":{\"@type\":\"EntryPoint\",\"urlTemplate\":\"https:\/\/medransports.ch\/?s={search_term_string}\"},\"query-input\":\"required name=search_term_string\"}],\"inLanguage\":\"en-US\"},{\"@type\":\"Organization\",\"@id\":\"https:\/\/medransports.ch\/#organization\",\"name\":\"MEDRAN-SPORTS SA\",\"url\":\"https:\/\/medransports.ch\/\",\"logo\":{\"@type\":\"ImageObject\",\"inLanguage\":\"en-US\",\"@id\":\"https:\/\/medransports.ch\/#\/schema\/logo\/image\/\",\"url\":\"https:\/\/medransports.ch\/wp-content\/uploads\/2021\/03\/logomedran-couleurbis-1024x623.png\",\"contentUrl\":\"https:\/\/medransports.ch\/wp-content\/uploads\/2021\/03\/logomedran-couleurbis-1024x623.png\",\"width\":1024,\"height\":623,\"caption\":\"MEDRAN-SPORTS SA\"},\"image\":{\"@id\":\"https:\/\/medransports.ch\/#\/schema\/logo\/image\/\"},\"sameAs\":[\"https:\/\/fr-fr.facebook.com\/M\u00e9dran-Sports-160623094034882\/\",\"https:\/\/www.instagram.com\/medransports\/\"]}]}<\/script>\n<!-- \/ Yoast SEO plugin. -->","yoast_head_json":{"title":"Rental - M\u00e9dran Sports SA","robots":{"index":"index","follow":"follow","max-snippet":"max-snippet:-1","max-image-preview":"max-image-preview:large","max-video-preview":"max-video-preview:-1"},"canonical":"https:\/\/medransports.ch\/en\/rental\/","og_locale":"en_US","og_type":"article","og_title":"Rental - M\u00e9dran Sports SA","og_description":"[vc_row full_height=&#8221;yes&#8221; equal_height=&#8221;yes&#8221;][vc_column width=&#8221;1\/3&#8243;][vc_empty_space height=&#8221;50px&#8221;][vc_column_text] Location de v\u00e9lo L\u2019\u00e9t\u00e9, nous offrons \u00e0 nos visiteurs la possibilit\u00e9 de louer tout type de v\u00e9lo : VTT \u00e9lectriques, VTT enduro et cross-country ainsi&hellip;","og_url":"https:\/\/medransports.ch\/en\/rental\/","og_site_name":"M\u00e9dran Sports SA","article_publisher":"https:\/\/fr-fr.facebook.com\/M%c3%a9dran-Sports-160623094034882\/","article_modified_time":"2024-04-11T10:01:33+00:00","og_image":[{"url":"https:\/\/medransports.ch\/wp-content\/uploads\/2023\/08\/Levo-comp-alloy-Image-300x169.webp"}],"twitter_card":"summary_large_image","twitter_misc":{"Est. reading time":"3 minutes"},"schema":{"@context":"https:\/\/schema.org","@graph":[{"@type":"WebPage","@id":"https:\/\/medransports.ch\/en\/rental\/","url":"https:\/\/medransports.ch\/en\/rental\/","name":"Rental - M\u00e9dran Sports SA","isPartOf":{"@id":"https:\/\/medransports.ch\/#website"},"primaryImageOfPage":{"@id":"https:\/\/medransports.ch\/en\/rental\/#primaryimage"},"image":{"@id":"https:\/\/medransports.ch\/en\/rental\/#primaryimage"},"thumbnailUrl":"https:\/\/medransports.ch\/wp-content\/uploads\/2023\/08\/Levo-comp-alloy-Image-300x169.webp","datePublished":"2023-08-29T06:59:51+00:00","dateModified":"2024-04-11T10:01:33+00:00","breadcrumb":{"@id":"https:\/\/medransports.ch\/en\/rental\/#breadcrumb"},"inLanguage":"en-US","potentialAction":[{"@type":"ReadAction","target":["https:\/\/medransports.ch\/en\/rental\/"]}]},{"@type":"ImageObject","inLanguage":"en-US","@id":"https:\/\/medransports.ch\/en\/rental\/#primaryimage","url":"https:\/\/medransports.ch\/wp-content\/uploads\/2023\/08\/Levo-comp-alloy-Image-300x169.webp","contentUrl":"https:\/\/medransports.ch\/wp-content\/uploads\/2023\/08\/Levo-comp-alloy-Image-300x169.webp"},{"@type":"BreadcrumbList","@id":"https:\/\/medransports.ch\/en\/rental\/#breadcrumb","itemListElement":[{"@type":"ListItem","position":1,"name":"Accueil","item":"https:\/\/medransports.ch\/en\/"},{"@type":"ListItem","position":2,"name":"Rental"}]},{"@type":"WebSite","@id":"https:\/\/medransports.ch\/#website","url":"https:\/\/medransports.ch\/","name":"M\u00e9dran Sports SA","description":"Boutique en ligne","publisher":{"@id":"https:\/\/medransports.ch\/#organization"},"potentialAction":[{"@type":"SearchAction","target":{"@type":"EntryPoint","urlTemplate":"https:\/\/medransports.ch\/?s={search_term_string}"},"query-input":"required name=search_term_string"}],"inLanguage":"en-US"},{"@type":"Organization","@id":"https:\/\/medransports.ch\/#organization","name":"MEDRAN-SPORTS SA","url":"https:\/\/medransports.ch\/","logo":{"@type":"ImageObject","inLanguage":"en-US","@id":"https:\/\/medransports.ch\/#\/schema\/logo\/image\/","url":"https:\/\/medransports.ch\/wp-content\/uploads\/2021\/03\/logomedran-couleurbis-1024x623.png","contentUrl":"https:\/\/medransports.ch\/wp-content\/uploads\/2021\/03\/logomedran-couleurbis-1024x623.png","width":1024,"height":623,"caption":"MEDRAN-SPORTS SA"},"image":{"@id":"https:\/\/medransports.ch\/#\/schema\/logo\/image\/"},"sameAs":["https:\/\/fr-fr.facebook.com\/M\u00e9dran-Sports-160623094034882\/","https:\/\/www.instagram.com\/medransports\/"]}]}},"_links":{"self":[{"href":"https:\/\/medransports.ch\/en\/wp-json\/wp\/v2\/pages\/4044","targetHints":{"allow":["GET"]}}],"collection":[{"href":"https:\/\/medransports.ch\/en\/wp-json\/wp\/v2\/pages"}],"about":[{"href":"https:\/\/medransports.ch\/en\/wp-json\/wp\/v2\/types\/page"}],"author":[{"embeddable":true,"href":"https:\/\/medransports.ch\/en\/wp-json\/wp\/v2\/users\/1"}],"replies":[{"embeddable":true,"href":"https:\/\/medransports.ch\/en\/wp-json\/wp\/v2\/comments?post=4044"}],"version-history":[{"count":15,"href":"https:\/\/medransports.ch\/en\/wp-json\/wp\/v2\/pages\/4044\/revisions"}],"predecessor-version":[{"id":4606,"href":"https:\/\/medransports.ch\/en\/wp-json\/wp\/v2\/pages\/4044\/revisions\/4606"}],"wp:attachment":[{"href":"https:\/\/medransports.ch\/en\/wp-json\/wp\/v2\/media?parent=4044"}],"curies":[{"name":"wp","href":"https:\/\/api.w.org\/{rel}","templated":true}]}}