{"id":4185,"date":"2021-03-04T09:05:58","date_gmt":"2021-03-04T08:05:58","guid":{"rendered":"https:\/\/medransports.ch\/boutique\/"},"modified":"2023-10-22T17:13:48","modified_gmt":"2023-10-22T15:13:48","slug":"boutique","status":"publish","type":"page","link":"https:\/\/medransports.ch\/en\/boutique\/","title":{"rendered":"Boutique"},"content":{"rendered":"<p>[vc_row el_id=&#8221;Vente de v\u00e9lo&#8221;][vc_column width=&#8221;1\/2&#8243;][vc_column_text css=&#8221;.vc_custom_1694359300254{background-color: #ffffff !important;}&#8221;]<\/p>\n<h2>Vente de v\u00e9lo<\/h2>\n<p>[\/vc_column_text][vc_column_text]Nous travaillons depuis plus de 35 ans avec la marque Specialized, une marque innovante et totalement exclusive \u00e0 Verbier.\u00a0 Depuis peu, nous avons \u00e9largi notre gamme v\u00e9lo en proposant la marque Orbea. N&#8217;h\u00e9sitez donc pas \u00e0 venir vous faire conseiller par des professionnels afin de trouver le v\u00e9lo qui correspondra \u00e0 vos attentes. <strong><a href=\"https:\/\/medransports.ch\/fr\/a-propos#2\">Lire notre histoire&#8230;<\/a><\/strong>[\/vc_column_text]<a href=\"https:\/\/www.specialized.com\/ch\/fr\" title=\"Specialized\" target=\"_blank\" class=\"konte-button button-outline text-default align-inline large   button square\">Specialized.com<\/a>[vc_empty_space height=&#8221;120px&#8221;][vc_single_image image=&#8221;4149&#8243; img_size=&#8221;2000&#215;6500&#8243; css_animation=&#8221;fadeInUp&#8221;][\/vc_column][vc_column width=&#8221;1\/2&#8243;][vc_single_image image=&#8221;4146&#8243; img_size=&#8221;7000&#215;2000&#8243;][vc_empty_space height=&#8221;105px&#8221;][vc_column_text css_animation=&#8221;fadeInUp&#8221;]<\/p>\n<h2>Equipement v\u00e9lo<\/h2>\n<p>[\/vc_column_text][vc_column_text]Pensez \u00e9galement \u00e0 vous \u00e9quiper, avec nos v\u00eatements techniques, nos protections ainsi que nos accessoires pour am\u00e9liorer votre confort lors de vos sorties \u00e0 v\u00e9lo. Notre \u00e9quipe est \u00e0 votre disposition pour vous accompagner lors de vos achats.<\/p>\n<p>Marques: Specialized, Ion, Karpos, Dakine, Evoc, Julbo<\/p>\n<p>[\/vc_column_text]<a href=\"https:\/\/medransports.ch\/contact\/\" title=\"Contact\" class=\"konte-button button-outline text-default align-left large   button square\">CONTACT<\/a>[vc_empty_space][\/vc_column][\/vc_row][vc_row full_width=&#8221;stretch_row&#8221; full_height=&#8221;yes&#8221; css_animation=&#8221;fadeInUp&#8221; el_id=&#8221;Randonn\u00e9e&#8221; css=&#8221;.vc_custom_1697119229885{background-color: #e3e7e8 !important;}&#8221;][vc_column width=&#8221;1\/2&#8243;][vc_column_text css_animation=&#8221;fadeInUp&#8221;]<\/p>\n<h2>Trails<\/h2>\n<p>[\/vc_column_text][vc_column_text]Besoin d\u2019aide pour bien choisir votre mat\u00e9riel de randonn\u00e9e ?<br \/>\nN\u2019h\u00e9sitez pas \u00e0 venir nous voir, vous aurez ainsi le choix et les conseils appropri\u00e9s pour gravir la montagne.<\/p>\n<p>Marques: Karpos, Millet, Radys, Julbo, Leki, Scarpa, Lowa, Buff[\/vc_column_text]<a href=\"https:\/\/medransports.ch\/contact\/\" class=\"konte-button button-outline text-default align-inline large   button square\">CONTACT<\/a>[vc_empty_space][\/vc_column][vc_column width=&#8221;1\/2&#8243;][vc_single_image image=&#8221;4213&#8243; img_size=&#8221;5000&#215;1500&#8243; css_animation=&#8221;fadeInUp&#8221;][vc_empty_space][\/vc_column][\/vc_row][vc_row][vc_column width=&#8221;1\/3&#8243;][vc_column_text][\/vc_column_text][\/vc_column][vc_column width=&#8221;1\/3&#8243;][\/vc_column][vc_column width=&#8221;1\/3&#8243;][\/vc_column][\/vc_row][vc_row el_id=&#8221;Contact&#8221;][vc_column width=&#8221;1\/3&#8243;][vc_row_inner][vc_column_inner][vc_column_text]<\/p>\n<h3><a href=\"https:\/\/medransports.ch\/wp-content\/uploads\/2021\/03\/logomedran-couleurbis.png\"><img loading=\"lazy\" decoding=\"async\" class=\"alignnone size-medium wp-image-1477\" src=\"https:\/\/medransports.ch\/wp-content\/uploads\/2021\/03\/logomedran-couleurbis-300x182.png\" alt=\"\" width=\"300\" height=\"182\" srcset=\"https:\/\/medransports.ch\/wp-content\/uploads\/2021\/03\/logomedran-couleurbis-300x182.png 300w, https:\/\/medransports.ch\/wp-content\/uploads\/2021\/03\/logomedran-couleurbis-1024x623.png 1024w, https:\/\/medransports.ch\/wp-content\/uploads\/2021\/03\/logomedran-couleurbis-768x467.png 768w, https:\/\/medransports.ch\/wp-content\/uploads\/2021\/03\/logomedran-couleurbis-1536x934.png 1536w, https:\/\/medransports.ch\/wp-content\/uploads\/2021\/03\/logomedran-couleurbis-2048x1245.png 2048w, https:\/\/medransports.ch\/wp-content\/uploads\/2021\/03\/logomedran-couleurbis-840x511.png 840w\" sizes=\"auto, (max-width: 300px) 100vw, 300px\" \/><\/a><\/h3>\n<h3>M\u00e9dran Sports<\/h3>\n<p><a href=\"tel:0041277716048\">0041 27 771 60 48<\/a><\/p>\n<p><a href=\"mailto:info@medransports.ch\">info@medransports.ch<\/a><\/p>\n<p><a href=\"https:\/\/www.google.ch\/maps\/place\/Route+de+Verbier+Station+59,+1936+Verbier\/@46.0960704,7.2258801,17.47z\/data=!4m5!3m4!1s0x478ecfcb36ec46d3:0x6850263530928ad7!8m2!3d46.096209!4d7.2266429\">Route de Verbier-Station 59 1936 Verbier<\/a>[\/vc_column_text][\/vc_column_inner][\/vc_row_inner][\/vc_column][vc_column width=&#8221;1\/3&#8243;][\/vc_column][vc_column width=&#8221;1\/3&#8243;][vc_empty_space][vc_single_image image=&#8221;1960&#8243; img_size=&#8221;5000&#215;5000&#8243;][\/vc_column][\/vc_row]<\/p>\n","protected":false},"excerpt":{"rendered":"<p>[vc_row el_id=&#8221;Vente de v\u00e9lo&#8221;][vc_column width=&#8221;1\/2&#8243;][vc_column_text css=&#8221;.vc_custom_1694359300254{background-color: #ffffff !important;}&#8221;] Vente de v\u00e9lo [\/vc_column_text][vc_column_text]Nous travaillons depuis plus de 35 ans avec la marque Specialized, une marque innovante et totalement exclusive \u00e0 Verbier.\u00a0&hellip;<\/p>\n","protected":false},"author":1,"featured_media":0,"parent":0,"menu_order":0,"comment_status":"closed","ping_status":"closed","template":"","meta":{"footnotes":""},"class_list":["post-4185","page","type-page","status-publish","hentry"],"yoast_head":"<!-- This site is optimized with the Yoast SEO plugin v22.4 - https:\/\/yoast.com\/wordpress\/plugins\/seo\/ -->\n<title>Boutique - M\u00e9dran Sports SA<\/title>\n<meta name=\"robots\" content=\"index, follow, max-snippet:-1, max-image-preview:large, max-video-preview:-1\" \/>\n<link rel=\"canonical\" href=\"https:\/\/medransports.ch\/en\/boutique\/\" \/>\n<meta property=\"og:locale\" content=\"en_US\" \/>\n<meta property=\"og:type\" content=\"article\" \/>\n<meta property=\"og:title\" content=\"Boutique - M\u00e9dran Sports SA\" \/>\n<meta property=\"og:description\" content=\"[vc_row el_id=&#8221;Vente de v\u00e9lo&#8221;][vc_column width=&#8221;1\/2&#8243;][vc_column_text css=&#8221;.vc_custom_1694359300254{background-color: #ffffff !important;}&#8221;] Vente de v\u00e9lo [\/vc_column_text][vc_column_text]Nous travaillons depuis plus de 35 ans avec la marque Specialized, une marque innovante et totalement exclusive \u00e0 Verbier.\u00a0&hellip;\" \/>\n<meta property=\"og:url\" content=\"https:\/\/medransports.ch\/en\/boutique\/\" \/>\n<meta property=\"og:site_name\" content=\"M\u00e9dran Sports SA\" \/>\n<meta property=\"article:publisher\" content=\"https:\/\/fr-fr.facebook.com\/M%c3%a9dran-Sports-160623094034882\/\" \/>\n<meta property=\"article:modified_time\" content=\"2023-10-22T15:13:48+00:00\" \/>\n<meta property=\"og:image\" content=\"https:\/\/medransports.ch\/wp-content\/uploads\/2021\/03\/logomedran-couleurbis-300x182.png\" \/>\n<meta name=\"twitter:card\" content=\"summary_large_image\" \/>\n<meta name=\"twitter:label1\" content=\"Est. reading time\" \/>\n\t<meta name=\"twitter:data1\" content=\"2 minutes\" \/>\n<script type=\"application\/ld+json\" class=\"yoast-schema-graph\">{\"@context\":\"https:\/\/schema.org\",\"@graph\":[{\"@type\":\"WebPage\",\"@id\":\"https:\/\/medransports.ch\/en\/boutique\/\",\"url\":\"https:\/\/medransports.ch\/en\/boutique\/\",\"name\":\"Boutique - M\u00e9dran Sports SA\",\"isPartOf\":{\"@id\":\"https:\/\/medransports.ch\/#website\"},\"primaryImageOfPage\":{\"@id\":\"https:\/\/medransports.ch\/en\/boutique\/#primaryimage\"},\"image\":{\"@id\":\"https:\/\/medransports.ch\/en\/boutique\/#primaryimage\"},\"thumbnailUrl\":\"https:\/\/medransports.ch\/wp-content\/uploads\/2021\/03\/logomedran-couleurbis-300x182.png\",\"datePublished\":\"2021-03-04T08:05:58+00:00\",\"dateModified\":\"2023-10-22T15:13:48+00:00\",\"breadcrumb\":{\"@id\":\"https:\/\/medransports.ch\/en\/boutique\/#breadcrumb\"},\"inLanguage\":\"en-US\",\"potentialAction\":[{\"@type\":\"ReadAction\",\"target\":[\"https:\/\/medransports.ch\/en\/boutique\/\"]}]},{\"@type\":\"ImageObject\",\"inLanguage\":\"en-US\",\"@id\":\"https:\/\/medransports.ch\/en\/boutique\/#primaryimage\",\"url\":\"https:\/\/medransports.ch\/wp-content\/uploads\/2021\/03\/logomedran-couleurbis-300x182.png\",\"contentUrl\":\"https:\/\/medransports.ch\/wp-content\/uploads\/2021\/03\/logomedran-couleurbis-300x182.png\"},{\"@type\":\"BreadcrumbList\",\"@id\":\"https:\/\/medransports.ch\/en\/boutique\/#breadcrumb\",\"itemListElement\":[{\"@type\":\"ListItem\",\"position\":1,\"name\":\"Accueil\",\"item\":\"https:\/\/medransports.ch\/en\/\"},{\"@type\":\"ListItem\",\"position\":2,\"name\":\"Boutique\"}]},{\"@type\":\"WebSite\",\"@id\":\"https:\/\/medransports.ch\/#website\",\"url\":\"https:\/\/medransports.ch\/\",\"name\":\"M\u00e9dran Sports SA\",\"description\":\"Boutique en ligne\",\"publisher\":{\"@id\":\"https:\/\/medransports.ch\/#organization\"},\"potentialAction\":[{\"@type\":\"SearchAction\",\"target\":{\"@type\":\"EntryPoint\",\"urlTemplate\":\"https:\/\/medransports.ch\/?s={search_term_string}\"},\"query-input\":\"required name=search_term_string\"}],\"inLanguage\":\"en-US\"},{\"@type\":\"Organization\",\"@id\":\"https:\/\/medransports.ch\/#organization\",\"name\":\"MEDRAN-SPORTS SA\",\"url\":\"https:\/\/medransports.ch\/\",\"logo\":{\"@type\":\"ImageObject\",\"inLanguage\":\"en-US\",\"@id\":\"https:\/\/medransports.ch\/#\/schema\/logo\/image\/\",\"url\":\"https:\/\/medransports.ch\/wp-content\/uploads\/2021\/03\/logomedran-couleurbis-1024x623.png\",\"contentUrl\":\"https:\/\/medransports.ch\/wp-content\/uploads\/2021\/03\/logomedran-couleurbis-1024x623.png\",\"width\":1024,\"height\":623,\"caption\":\"MEDRAN-SPORTS SA\"},\"image\":{\"@id\":\"https:\/\/medransports.ch\/#\/schema\/logo\/image\/\"},\"sameAs\":[\"https:\/\/fr-fr.facebook.com\/M\u00e9dran-Sports-160623094034882\/\",\"https:\/\/www.instagram.com\/medransports\/\"]}]}<\/script>\n<!-- \/ Yoast SEO plugin. -->","yoast_head_json":{"title":"Boutique - M\u00e9dran Sports SA","robots":{"index":"index","follow":"follow","max-snippet":"max-snippet:-1","max-image-preview":"max-image-preview:large","max-video-preview":"max-video-preview:-1"},"canonical":"https:\/\/medransports.ch\/en\/boutique\/","og_locale":"en_US","og_type":"article","og_title":"Boutique - M\u00e9dran Sports SA","og_description":"[vc_row el_id=&#8221;Vente de v\u00e9lo&#8221;][vc_column width=&#8221;1\/2&#8243;][vc_column_text css=&#8221;.vc_custom_1694359300254{background-color: #ffffff !important;}&#8221;] Vente de v\u00e9lo [\/vc_column_text][vc_column_text]Nous travaillons depuis plus de 35 ans avec la marque Specialized, une marque innovante et totalement exclusive \u00e0 Verbier.\u00a0&hellip;","og_url":"https:\/\/medransports.ch\/en\/boutique\/","og_site_name":"M\u00e9dran Sports SA","article_publisher":"https:\/\/fr-fr.facebook.com\/M%c3%a9dran-Sports-160623094034882\/","article_modified_time":"2023-10-22T15:13:48+00:00","og_image":[{"url":"https:\/\/medransports.ch\/wp-content\/uploads\/2021\/03\/logomedran-couleurbis-300x182.png"}],"twitter_card":"summary_large_image","twitter_misc":{"Est. reading time":"2 minutes"},"schema":{"@context":"https:\/\/schema.org","@graph":[{"@type":"WebPage","@id":"https:\/\/medransports.ch\/en\/boutique\/","url":"https:\/\/medransports.ch\/en\/boutique\/","name":"Boutique - M\u00e9dran Sports SA","isPartOf":{"@id":"https:\/\/medransports.ch\/#website"},"primaryImageOfPage":{"@id":"https:\/\/medransports.ch\/en\/boutique\/#primaryimage"},"image":{"@id":"https:\/\/medransports.ch\/en\/boutique\/#primaryimage"},"thumbnailUrl":"https:\/\/medransports.ch\/wp-content\/uploads\/2021\/03\/logomedran-couleurbis-300x182.png","datePublished":"2021-03-04T08:05:58+00:00","dateModified":"2023-10-22T15:13:48+00:00","breadcrumb":{"@id":"https:\/\/medransports.ch\/en\/boutique\/#breadcrumb"},"inLanguage":"en-US","potentialAction":[{"@type":"ReadAction","target":["https:\/\/medransports.ch\/en\/boutique\/"]}]},{"@type":"ImageObject","inLanguage":"en-US","@id":"https:\/\/medransports.ch\/en\/boutique\/#primaryimage","url":"https:\/\/medransports.ch\/wp-content\/uploads\/2021\/03\/logomedran-couleurbis-300x182.png","contentUrl":"https:\/\/medransports.ch\/wp-content\/uploads\/2021\/03\/logomedran-couleurbis-300x182.png"},{"@type":"BreadcrumbList","@id":"https:\/\/medransports.ch\/en\/boutique\/#breadcrumb","itemListElement":[{"@type":"ListItem","position":1,"name":"Accueil","item":"https:\/\/medransports.ch\/en\/"},{"@type":"ListItem","position":2,"name":"Boutique"}]},{"@type":"WebSite","@id":"https:\/\/medransports.ch\/#website","url":"https:\/\/medransports.ch\/","name":"M\u00e9dran Sports SA","description":"Boutique en ligne","publisher":{"@id":"https:\/\/medransports.ch\/#organization"},"potentialAction":[{"@type":"SearchAction","target":{"@type":"EntryPoint","urlTemplate":"https:\/\/medransports.ch\/?s={search_term_string}"},"query-input":"required name=search_term_string"}],"inLanguage":"en-US"},{"@type":"Organization","@id":"https:\/\/medransports.ch\/#organization","name":"MEDRAN-SPORTS SA","url":"https:\/\/medransports.ch\/","logo":{"@type":"ImageObject","inLanguage":"en-US","@id":"https:\/\/medransports.ch\/#\/schema\/logo\/image\/","url":"https:\/\/medransports.ch\/wp-content\/uploads\/2021\/03\/logomedran-couleurbis-1024x623.png","contentUrl":"https:\/\/medransports.ch\/wp-content\/uploads\/2021\/03\/logomedran-couleurbis-1024x623.png","width":1024,"height":623,"caption":"MEDRAN-SPORTS SA"},"image":{"@id":"https:\/\/medransports.ch\/#\/schema\/logo\/image\/"},"sameAs":["https:\/\/fr-fr.facebook.com\/M\u00e9dran-Sports-160623094034882\/","https:\/\/www.instagram.com\/medransports\/"]}]}},"_links":{"self":[{"href":"https:\/\/medransports.ch\/en\/wp-json\/wp\/v2\/pages\/4185","targetHints":{"allow":["GET"]}}],"collection":[{"href":"https:\/\/medransports.ch\/en\/wp-json\/wp\/v2\/pages"}],"about":[{"href":"https:\/\/medransports.ch\/en\/wp-json\/wp\/v2\/types\/page"}],"author":[{"embeddable":true,"href":"https:\/\/medransports.ch\/en\/wp-json\/wp\/v2\/users\/1"}],"replies":[{"embeddable":true,"href":"https:\/\/medransports.ch\/en\/wp-json\/wp\/v2\/comments?post=4185"}],"version-history":[{"count":16,"href":"https:\/\/medransports.ch\/en\/wp-json\/wp\/v2\/pages\/4185\/revisions"}],"predecessor-version":[{"id":4248,"href":"https:\/\/medransports.ch\/en\/wp-json\/wp\/v2\/pages\/4185\/revisions\/4248"}],"wp:attachment":[{"href":"https:\/\/medransports.ch\/en\/wp-json\/wp\/v2\/media?parent=4185"}],"curies":[{"name":"wp","href":"https:\/\/api.w.org\/{rel}","templated":true}]}}